{"id":269,"date":"2023-11-02T13:32:34","date_gmt":"2023-11-02T12:32:34","guid":{"rendered":"https:\/\/derougeeditions.com\/?page_id=269"},"modified":"2026-03-06T16:26:11","modified_gmt":"2026-03-06T15:26:11","slug":"evenements","status":"publish","type":"page","link":"https:\/\/derougeeditions.com\/index.php\/evenements\/","title":{"rendered":"\u00c9v\u00e9nements"},"content":{"rendered":"\n<p style=\"font-size:15px\">Le <strong>25 mars \u00e0 19h<\/strong> &#8211; Rencontre avec nan marci \u00e0 la librairie L&rsquo;hydre aux mille t\u00eates \u00e0 <strong>Marseille<\/strong> (96, rue Saint-Savournin)<\/p>\n\n\n\n<p style=\"font-size:15px\">le <strong>20 mars \u00e0 19h<\/strong> &#8211; Rencontre avec nan marci \u00e0 la librairie La Gryffe \u00e0 <strong>Lyon<\/strong> (5, rue Sebastien Gryphe)<\/p>\n\n\n\n<p style=\"font-size:15px\">Le <strong>17 mars\u00a017h-19h<\/strong>:\u00a0Atelier d\u2019\u00e9criture de nan marci avec Modesta\u00a0en collaboration avec le Poetik Queer\u00a0au <a href=\"https:\/\/www.instagram.com\/thecrazycircle\/\" target=\"_blank\" rel=\"noreferrer noopener\">Crazy Circle <\/a>\u00e0 <strong>Bruxelles<\/strong> (11, rue du Prince royal).\u00a0Prix libre<\/p>\n\n\n\n<p style=\"font-size:15px\">Le <strong>12 mars \u00e0 19h<\/strong> &#8211; Rencontre avec nan marci \u00e0 la librairie Les vagues \u00e0 <strong>Nantes<\/strong> (31 rue de Strasbourg)<\/p>\n\n\n\n<p style=\"font-size:15px\">le <strong>9 mars \u00e0 19h<\/strong> &#8211; Pr\u00e9sentation d\u00e9bat avec nan marci\u00a0: po\u00e9sie et antipsychiatrie\u00a0aux Causeries \u00e0\u00a0<strong>Lyon<\/strong> (115 grande rue Guilloti\u00e8re)<\/p>\n\n\n\n<p style=\"font-size:15px\">Le <strong>7 mars \u00e0 19h<\/strong>: Rencontre avec Zo\u00e9 Mary-Roulier et Anouk Buron, anim\u00e9e par Antoine Jobard, \u00e0 la librairie Par chemins <strong>\u00e0 Bruxelles<\/strong> (116, rue Berthelot)<\/p>\n\n\n\n<p style=\"font-size:15px\">Le<strong> 6 mars<\/strong> &#8211; Festival <a href=\"https:\/\/www.instagram.com\/femnfurious\/\" target=\"_blank\" rel=\"noreferrer noopener\">Femnfurious<\/a> &#8211; fantasmagories au Shakiral (72, rue Riquet, <strong>Paris<\/strong>, 18\u00e8). Lecture de nan marci et exposition de peintures<\/p>\n\n\n\n<p style=\"font-size:15px\">Le<strong> 22 janvier 2026<\/strong>, lecture et rencontre autour du <em>Bonheur vient d&rsquo;en bas<\/em> et atelier d\u2019\u00e9criture de nan marci \u00e0 la <strong>Mutinerie<\/strong> (Paris III) <\/p>\n\n\n\n<p style=\"font-size:15px\">Le <strong>20 janvier<\/strong> <strong>2026<\/strong>, soir\u00e9e de lectures autour de <em>Comment vas-tu en cette p\u00e9riode ?<\/em> de Zo\u00e9 Mary-Roulier et Anouk Buron et de <em>Le bonheur vient d&rsquo;en bas<\/em>, de nan marci, \u00e0 la librairie <strong>Millepages<\/strong>, \u00e0 Vincennes 94300<\/p>\n\n\n\n<p class=\"has-black-color has-text-color has-link-color wp-elements-4b17d6e709113821bcdf5a437fd9fdea\" style=\"font-size:15px\">Le <strong>16 janvier 2026<\/strong>, les Editions du D\u00e9 rouge sont invit\u00e9es \u00e0 une table ronde autour des collectifs de femmes dans l&rsquo;\u00e9dition ind\u00e9pendante, dans le cadre du festival <a href=\"https:\/\/www.paris.fr\/evenements\/la-voix-des-indes-collectifs-de-femmes-dans-l-edition-independante-101097\"><strong>La voix des ind\u00e9s<\/strong><\/a>, \u00e0 la <strong>biblioth\u00e8que de la Sorbonne Nouvelle<\/strong> (Paris XII)<\/p>\n\n\n\n<p style=\"font-size:15px\">Le <strong>16 d\u00e9cembre 2025<\/strong>, soir\u00e9e autour de <em>Comment vas-tu en cette p\u00e9riode ?<\/em> de Zo\u00e9 Mary-Roulier et Anouk Buron \u00e0 la librairie <strong>Mich\u00e8le Firk<\/strong>, Montreuil 93100<\/p>\n\n\n\n<p style=\"font-size:15px\">Le <strong>2 d\u00e9cembre 2025<\/strong>, soir\u00e9e de lancement de <em>Le bonheur vient d&rsquo;en bas<\/em>, de nan marci, \u00e0 la librairie <strong>Centrale<\/strong>, 161 rue Saint-Martin, Paris III.<\/p>\n\n\n\n<p style=\"font-size:15px\">Le <strong>5 novembre 2025<\/strong>, soir\u00e9e de lancement de <em>Comment vas-tu en cette p\u00e9riode ?<\/em> de Zo\u00e9 Mary-Roulier et Anouk Buron \u00e0 la librairie <strong>Le Monte en l&rsquo;air<\/strong>, 2 rue de la Mare, Paris XX.<\/p>\n\n\n\n<p>&#8212;<\/p>\n\n\n\n<p style=\"font-size:15px\">Le <strong>17 mai<\/strong> <strong>2025<\/strong>, Le D\u00e9 rouge sera au salon <strong>PLS #2<\/strong> \u00ab\u00a0Po\u00e9sie Lat\u00e9rale et Sauvage\u00a0\u00bb, 2\u00e8me \u00e9dition, \u00e0 la Parole Errante \u00e0 <strong>Montreuil<\/strong> (9 rue Fran\u00e7ois Doumergue, 93100), \u00e0 partir de <strong>14 heures<\/strong>, aux c\u00f4t\u00e9s d&rsquo;autres maisons d&rsquo;\u00e9dition de po\u00e9sie ind\u00e9pendantes et sauvages.<br>Avec \u00ab\u00a0Comment vas-tu?\u00a0\u00bb, performance de Zo\u00e9 Mary-Roulier et Anouk Buron, et une lecture de Nanmarci.<br><br>Le <strong>7 d\u00e9cembre 2024<\/strong>,  lectures et performances autour de <em>Perp\u00e9tuit\u00e9(s)<\/em>, de l&rsquo;<em>Herbier miraginaire<\/em> de <em>Tchoukel<\/em> et de <em>Le bonheur vient d&rsquo;en bas<\/em>, \u00e0 la <strong>M\u00e9diath\u00e8que H\u00e9l\u00e8ne Berr<\/strong> (Paris XIIe). <br>Du <strong>3 au 14 d\u00e9cembre<\/strong>, exposition des \u0153uvres visuelles d&rsquo;Agn\u00e8s Perrais, Eve Line, Robin Poupon et Nanmerci \u00e0 la <strong>M\u00e9diath\u00e8que H\u00e9l\u00e8ne Berr<\/strong> (Paris XIIe)<br><br>Le <strong>29 septembre<\/strong> <strong>2024<\/strong>, le D\u00e9 rouge sera pr\u00e9sent \u00e0 la F\u00eate du livre de <strong>Merlieux-et-Fouquerolles <\/strong>(02000), en pr\u00e9sence de Robin Poupon.<\/p>\n\n\n\n<p style=\"font-size:15px\">Le <strong>21 septembre 2024<\/strong>, lecture-performance de l&rsquo;<em>Herbier miraginaire <\/em>\u00e0 la <strong>M\u00e9diath\u00e8que de la Canop\u00e9e, Paris 75001<\/strong>, en pr\u00e9sence d&rsquo;Ad\u00e8le Rosenfeld, Agn\u00e8s Perrais et Julien Pluchard.<\/p>\n\n\n\n<p>&#8212;<\/p>\n\n\n\n<p style=\"font-size:15px\">Des soir\u00e9es de lectures et de performances de cin\u00e9ma argentique auront lieu autour de la parution de <em>Perp\u00e9tuit\u00e9(s)<\/em> et de l&rsquo;<em>Herbier miraginaire<\/em>. En pr\u00e9sence de L\u00e9a Nicolas-Teboul, Eve Line, Ad\u00e8le Rosenfeld, Agn\u00e8s Perrais et Catherine Bareau.<br><br><strong>Le samedi 18 mai 2024<\/strong>, Salon du livre de po\u00e9sie, <strong>La Parole Errante<\/strong> (9 rue Fran\u00e7ois Debergue, 93100 Montreuil)<\/p>\n\n\n\n<p style=\"font-size:15px\"><strong>Le mercredi 13 mars 2024 \u00e0 20 heures<\/strong>, au <strong>Confort mental<\/strong>, (41 Rue Saint-Blaise, 75020 Paris)<\/p>\n\n\n\n<p style=\"font-size:15px\"><strong>Le samedi 24 f\u00e9vrier 2024 \u00e0 20 heures<\/strong>, \u00e0 l&rsquo;<strong>Etna <\/strong>(71 rue Robespierre, Montreuil 93100), dans le cadre d&rsquo;une programmation de films en lien avec la po\u00e9sie<\/p>\n\n\n\n<p style=\"font-size:15px\"><strong>Le samedi 13 janvier 2024 \u00e0 19h<\/strong>, \u00e0 <strong>Mosset<\/strong> (66500), dans le cadre d&rsquo;une soir\u00e9e-concert<\/p>\n\n\n\n<p style=\"font-size:15px\"><strong>Le lundi 13 novembre <strong>2023<\/strong> \u00e0 19 heures<\/strong>, \u00e0 la librairie <strong>EXC<\/strong> (Passage Moli\u00e8re, Paris 3\u00e8me).<\/p>\n\n\n\n<p style=\"font-size:15px\"><strong>Le mercredi 6 d\u00e9cembre 2023 \u00e0 20 heures<\/strong>, \u00e0 la librairie-galerie <strong>\u00c0 Balzac \u00c0 Rodin<\/strong> (14bis rue de la Grande Chaumi\u00e8re, Paris, 6\u00e8me).<\/p>\n\n\n\n<p><\/p>\n","protected":false},"excerpt":{"rendered":"<p>Le 25 mars \u00e0 19h &#8211; Rencontre avec nan marci \u00e0 la librairie L&rsquo;hydre aux mille t\u00eates \u00e0 Marseille (96, rue Saint-Savournin) le 20 mars \u00e0 19h &#8211; Rencontre avec nan marci \u00e0 la librairie La Gryffe \u00e0 Lyon (5, rue Sebastien Gryphe) Le 17 mars\u00a017h-19h:\u00a0Atelier d\u2019\u00e9criture de nan marci &hellip;<\/p>\n<div class=\"wrap-excerpt-more\"><a class=\"excerpt-more\" href=\"https:\/\/derougeeditions.com\/index.php\/evenements\/\">Read more<\/a><\/div>\n","protected":false},"author":1,"featured_media":0,"parent":0,"menu_order":0,"comment_status":"closed","ping_status":"closed","template":"","meta":{"footnotes":""},"class_list":["post-269","page","type-page","status-publish","hentry","post--no-featured-image"],"_links":{"self":[{"href":"https:\/\/derougeeditions.com\/index.php\/wp-json\/wp\/v2\/pages\/269","targetHints":{"allow":["GET"]}}],"collection":[{"href":"https:\/\/derougeeditions.com\/index.php\/wp-json\/wp\/v2\/pages"}],"about":[{"href":"https:\/\/derougeeditions.com\/index.php\/wp-json\/wp\/v2\/types\/page"}],"author":[{"embeddable":true,"href":"https:\/\/derougeeditions.com\/index.php\/wp-json\/wp\/v2\/users\/1"}],"replies":[{"embeddable":true,"href":"https:\/\/derougeeditions.com\/index.php\/wp-json\/wp\/v2\/comments?post=269"}],"version-history":[{"count":27,"href":"https:\/\/derougeeditions.com\/index.php\/wp-json\/wp\/v2\/pages\/269\/revisions"}],"predecessor-version":[{"id":615,"href":"https:\/\/derougeeditions.com\/index.php\/wp-json\/wp\/v2\/pages\/269\/revisions\/615"}],"wp:attachment":[{"href":"https:\/\/derougeeditions.com\/index.php\/wp-json\/wp\/v2\/media?parent=269"}],"curies":[{"name":"wp","href":"https:\/\/api.w.org\/{rel}","templated":true}]}}